{"id":150,"date":"2022-09-17T16:00:25","date_gmt":"2022-09-17T16:00:25","guid":{"rendered":"http:\/\/dookolaswiatanaokolo.pl\/?page_id=150"},"modified":"2023-05-03T07:48:54","modified_gmt":"2023-05-03T07:48:54","slug":"olga-rozestwinska","status":"publish","type":"page","link":"http:\/\/dookolaswiatanaokolo.pl\/?page_id=150","title":{"rendered":"O mnie"},"content":{"rendered":"\n<p>Jestem Rozi, mam 25 lat i g\u0142ow\u0119 pe\u0142n\u0105 pomys\u0142\u00f3w. Od 10 lat \u017cegluj\u0119. Od chwili, w kt\u00f3rej pok\u0142ad pierwszy raz zabuja\u0142 si\u0119 pod moimi nogami, wiatr i wod\u0119 nosz\u0119 w sercu. Mi\u0119dzy rejsem, a rejsem ko\u0144cz\u0119 kierunek Oceanotechnika na Politechnice Gda\u0144skiej.<\/p>\n\n\n\n<p>Przez \u015bwiat id\u0119 po swojemu, nie rzadko na przek\u00f3r wszystkiemu i wszystkim dooko\u0142a, ale zawsze zgodnie z w\u0142asn\u0105 intuicj\u0105, kt\u00f3ra jeszcze nigdy mnie nie zawiod\u0142a.<\/p>\n\n\n\n<p>Jak to Einstein powiedzia\u0142: \u201cGdy wszyscy wiedz\u0105, \u017ce co\u015b jest niemo\u017cliwe, przychodzi kto\u015b, kto o tym nie wie, i on to robi.\u201d i tego si\u0119 trzymajmy\u00a0<\/p>\n","protected":false},"excerpt":{"rendered":"<p>Jestem Rozi, mam 25 lat i g\u0142ow\u0119 pe\u0142n\u0105 pomys\u0142\u00f3w. Od 10 lat \u017cegluj\u0119. Od chwili, w kt\u00f3rej pok\u0142ad pierwszy raz zabuja\u0142 si\u0119 pod moimi nogami, wiatr i wod\u0119 nosz\u0119 w sercu. Mi\u0119dzy rejsem, a rejsem ko\u0144cz\u0119 kierunek Oceanotechnika na Politechnice Gda\u0144skiej. Przez \u015bwiat id\u0119 po swojemu, nie rzadko na przek\u00f3r wszystkiemu i wszystkim dooko\u0142a, ale&#8230;<\/p>\n","protected":false},"author":1,"featured_media":0,"parent":0,"menu_order":0,"comment_status":"closed","ping_status":"closed","template":"","meta":{"footnotes":""},"class_list":["post-150","page","type-page","status-publish","hentry"],"_links":{"self":[{"href":"http:\/\/dookolaswiatanaokolo.pl\/index.php?rest_route=\/wp\/v2\/pages\/150","targetHints":{"allow":["GET"]}}],"collection":[{"href":"http:\/\/dookolaswiatanaokolo.pl\/index.php?rest_route=\/wp\/v2\/pages"}],"about":[{"href":"http:\/\/dookolaswiatanaokolo.pl\/index.php?rest_route=\/wp\/v2\/types\/page"}],"author":[{"embeddable":true,"href":"http:\/\/dookolaswiatanaokolo.pl\/index.php?rest_route=\/wp\/v2\/users\/1"}],"replies":[{"embeddable":true,"href":"http:\/\/dookolaswiatanaokolo.pl\/index.php?rest_route=%2Fwp%2Fv2%2Fcomments&post=150"}],"version-history":[{"count":3,"href":"http:\/\/dookolaswiatanaokolo.pl\/index.php?rest_route=\/wp\/v2\/pages\/150\/revisions"}],"predecessor-version":[{"id":185,"href":"http:\/\/dookolaswiatanaokolo.pl\/index.php?rest_route=\/wp\/v2\/pages\/150\/revisions\/185"}],"wp:attachment":[{"href":"http:\/\/dookolaswiatanaokolo.pl\/index.php?rest_route=%2Fwp%2Fv2%2Fmedia&parent=150"}],"curies":[{"name":"wp","href":"https:\/\/api.w.org\/{rel}","templated":true}]}}